{"id":51,"date":"2023-08-20T00:40:09","date_gmt":"2023-08-19T22:40:09","guid":{"rendered":"https:\/\/swiebodzice-zss.pl\/?page_id=51"},"modified":"2025-03-30T21:50:55","modified_gmt":"2025-03-30T19:50:55","slug":"oferta-edukacyjna","status":"publish","type":"page","link":"https:\/\/swiebodzice-zss.pl\/?page_id=51","title":{"rendered":"Oferta edukacyjna"},"content":{"rendered":"<p><strong>Oferta edukacyjna<\/strong><\/p>\n<p>Rodzicu ! Je\u015bli Twoje dziecko posiada orzeczenie o niepe\u0142nosprawno\u015bci intelektualnej w stopniu umiarkowanym, znacznym lub g\u0142\u0119bokim, nie odnosi sukces\u00f3w, czuje si\u0119 nieakceptowane w \u015brodowisku szkolnym, ma ograniczony dost\u0119p do specjalist\u00f3w \u2013 PRZYJD\u0179 DO NAS!<\/p>\n<p><strong>Oferta Zespo\u0142u Szk\u00f3\u0142 Specjalnych w \u015awiebodzicach<\/strong><\/p>\n<p><em>\u201eDziecko jest nadziej\u0105 i obietnic\u0105 rodzaju ludzkiego. Trzeba tylko wiary we wspania\u0142omy\u015blno\u015b\u0107 i wy\u017cszo\u015b\u0107 cz\u0142owieka\u201d.<\/em><\/p>\n<p><em>Maria Montessori<\/em><\/p>\n<p><a href=\"https:\/\/swiebodzice-zss.pl\/wp-content\/uploads\/2025\/03\/maria.jpg\"><img loading=\"lazy\" decoding=\"async\" class=\"alignnone wp-image-2432 size-thumbnail\" src=\"https:\/\/swiebodzice-zss.pl\/wp-content\/uploads\/2025\/03\/maria-150x150.jpg\" alt=\"\" width=\"150\" height=\"150\" srcset=\"https:\/\/swiebodzice-zss.pl\/wp-content\/uploads\/2025\/03\/maria-150x150.jpg 150w, https:\/\/swiebodzice-zss.pl\/wp-content\/uploads\/2025\/03\/maria-160x160.jpg 160w\" sizes=\"auto, (max-width: 150px) 100vw, 150px\" \/><\/a><\/p>\n<ul>\n<li>SZKO\u0141A PODSTAWOWA NR 7<\/li>\n<li>SZKO\u0141A PODSTAWOWA NR 8<\/li>\n<li>SZKO\u0141A PRZYSPOSABIAJ\u0104CA DO PRACY<\/li>\n<li>WCZESNE WSPOMAGANIE ROZWOJU DZIECKA<\/li>\n<\/ul>\n<p>Na ka\u017cdym etapie edukacji zakres tre\u015bci nauczania i wychowania w naszej plac\u00f3wce ulegaj\u0105 poszerzaniu, w miar\u0119 nabywania przez uczni\u00f3w wiadomo\u015bci, umiej\u0119tno\u015bci i sprawno\u015bci, przy uwzgl\u0119dnieniu indywidualnych mo\u017cliwo\u015bci ka\u017cdego ucznia. Edukacja opiera si\u0119 na indywidualnych programach edukacyjnych, opracowywanych przez nauczycieli i specjalist\u00f3w pracuj\u0105cych z uczniami we wsp\u00f3\u0142pracy z rodzicami i opiekunami prawnymi.<\/p>\n<p>Oferta edukacyjna naszej szko\u0142y skierowana jest do wszystkich dzieci z niepe\u0142nosprawno\u015bci\u0105 intelektualn\u0105 (w stopniu umiarkowanym, znacznym oraz g\u0142\u0119bokim) ze \u015awiebodzic i okolic.<\/p>\n<p>Szko\u0142a prowadzi tak\u017ce nauczania indywidualne oraz terapi\u0119 dzieci g\u0142\u0119boko niepe\u0142nosprawnych intelektualnie, w ramach zespo\u0142\u00f3w rewalidacyjno-wychowawczych.<\/p>\n<p>Wszyscy uczniowie obj\u0119ci s\u0105 zaj\u0119ciami z psychoterapii i zaj\u0119ciami rewalidacyjnymi:<\/p>\n<ul>\n<li>Usprawnianie funkcji poznawczych i percepcyjnych<\/li>\n<li>Usprawnianie kompetencji artykulacyjnych (zaj\u0119cia zlogoped\u0105)<\/li>\n<li>Usprawnianie rozwoju psychofizycznego w kontakcie z muzyk\u0105<\/li>\n<\/ul>\n<ul>\n<li>Usprawnianie umiej\u0119tno\u015bci samokontroli i koncentracji uwagi (terapia biofeedback)<\/li>\n<li>Usprawnianie motoryki i niwelowanie zaburze\u0144 w statyce cia\u0142a<\/li>\n<\/ul>\n<p>Wszystkie dzieci w szkole s\u0105 obj\u0119te codzienn\u0105 opiek\u0105 piel\u0119gniarsk\u0105.<\/p>\n<p><a href=\"https:\/\/swiebodzice-zss.pl\/wp-content\/uploads\/2025\/03\/edukacja-1.jpg\"><img loading=\"lazy\" decoding=\"async\" class=\"aligncenter wp-image-2445 size-medium\" src=\"https:\/\/swiebodzice-zss.pl\/wp-content\/uploads\/2025\/03\/edukacja-1-300x169.jpg\" alt=\"\" width=\"300\" height=\"169\" srcset=\"https:\/\/swiebodzice-zss.pl\/wp-content\/uploads\/2025\/03\/edukacja-1-300x169.jpg 300w, https:\/\/swiebodzice-zss.pl\/wp-content\/uploads\/2025\/03\/edukacja-1-1024x576.jpg 1024w, https:\/\/swiebodzice-zss.pl\/wp-content\/uploads\/2025\/03\/edukacja-1-768x432.jpg 768w, https:\/\/swiebodzice-zss.pl\/wp-content\/uploads\/2025\/03\/edukacja-1.jpg 1120w\" sizes=\"auto, (max-width: 300px) 100vw, 300px\" \/><\/a><\/p>\n<p><strong>Edukacja<\/strong><\/p>\n<p>Liczebno\u015b\u0107 uczni\u00f3w w poszczeg\u00f3lnych klasach nie przekracza sze\u015bciu os\u00f3b. Klasy dla dzieci ze sprz\u0119\u017ceniami (w tym z autyzmem) licz\u0105 od 2 do 4 uczni\u00f3w.<\/p>\n<p><strong>W klasach I-III Szko\u0142y Podstawowej wyodr\u0119bnia si\u0119:<\/strong><\/p>\n<ol>\n<li>Kszta\u0142cenie zintegrowane, w kt\u00f3rego sk\u0142ad wchodz\u0105: funkcjonowanie osobiste i spo\u0142eczne, wychowanie fizyczne, zaj\u0119cia rozwijaj\u0105ce komunikowanie si\u0119, zaj\u0119cia rozwijaj\u0105ce kreatywno\u015b\u0107, zaj\u0119cia artystyczne, religia<\/li>\n<li>Zaj\u0119cia rewalidacyjne i terapeutyczne:<\/li>\n<\/ol>\n<ul>\n<li>Usprawnianie funkcji poznawczych i percepcyjnych<\/li>\n<li>Usprawnianie kompetencji artykulacyjnych (zaj\u0119cia zlogoped\u0105)<\/li>\n<li>Usprawnianie rozwoju psychofizycznego w kontakcie z muzyk\u0105<\/li>\n<\/ul>\n<ul>\n<li>Usprawnianie umiej\u0119tno\u015bci samokontroli i koncentracji uwagi (terapia biofeedback)<\/li>\n<li>Usprawnianie motoryki i niwelowanie zaburze\u0144 w statyce cia\u0142a<\/li>\n<\/ul>\n<p><strong>W klasach IV-VIII Szko\u0142y Podstawowej:<\/strong><\/p>\n<ol>\n<li>Zaj\u0119cia edukacyjne: funkcjonowanie osobiste i spo\u0142eczne, wychowanie fizyczne, zaj\u0119cia rozwijaj\u0105ce komunikowanie si\u0119, zaj\u0119cia rozwijaj\u0105ce kreatywno\u015b\u0107, zaj\u0119cia artystyczne, religia<\/li>\n<li>Zaj\u0119cia rewalidacyjne i terapeutyczne:<\/li>\n<\/ol>\n<ul>\n<li>Usprawnianie funkcji poznawczych i percepcyjnych<\/li>\n<li>Usprawnianie kompetencji artykulacyjnych (zaj\u0119cia zlogoped\u0105)<\/li>\n<li>Usprawnianie rozwoju psychofizycznego w kontakcie z muzyk\u0105<\/li>\n<\/ul>\n<ul>\n<li>Usprawnianie umiej\u0119tno\u015bci samokontroli i koncentracji uwagi (terapia biofeedback)<\/li>\n<li>Usprawnianie motoryki i niwelowanie zaburze\u0144 w statyce cia\u0142a<\/li>\n<\/ul>\n<p><strong>W Szkole Przysposabiaj\u0105cej do Pracy realizowane s\u0105:<\/strong><\/p>\n<ol>\n<li>Funkcjonowanie osobiste i spo\u0142eczne, przysposobienie do pracy, zaj\u0119cia kszta\u0142tuj\u0105ce kreatywno\u015b\u0107, zaj\u0119cia rozwijaj\u0105ce komunikowanie si\u0119, wychowanie fizyczne, zaj\u0119cia artystyczne, religia<\/li>\n<li>Zaj\u0119cia rewalidacyjne i terapeutyczne:<\/li>\n<\/ol>\n<ul>\n<li>Usprawnianie funkcji poznawczych i percepcyjnych<\/li>\n<li>Usprawnianie kompetencji artykulacyjnych (zaj\u0119cia zlogoped\u0105)<\/li>\n<li>Usprawnianie rozwoju psychofizycznego w kontakcie z muzyk\u0105<\/li>\n<\/ul>\n<ul>\n<li>Usprawnianie umiej\u0119tno\u015bci samokontroli i koncentracji uwagi (terapia biofeedback)<\/li>\n<li>Usprawnianie motoryki i niwelowanie zaburze\u0144 w statyce cia\u0142a<\/li>\n<\/ul>\n<p>Uczniowie tej szko\u0142y maj\u0105 mo\u017cliwo\u015b\u0107 poznania i dzia\u0142ania w zakresie:<\/p>\n<ul>\n<li>wytwarzania przedmiot\u00f3w dekoracyjnych<\/li>\n<li>gospodarstwa domowego<\/li>\n<li>prac poligraficzno-introligatorskich<\/li>\n<li>prac ogrodniczych<\/li>\n<li>element\u00f3w tkactwa<\/li>\n<li>sporz\u0105dzania i wydawania posi\u0142k\u00f3w<\/li>\n<li>element\u00f3w dziewiarstwa<\/li>\n<li>warsztat\u00f3w organizowanych na terenie zak\u0142ad\u00f3w pracy w \u015awiebodzicach<\/li>\n<\/ul>\n<p><a href=\"https:\/\/swiebodzice-zss.pl\/wp-content\/uploads\/2025\/03\/zd1-8.jpg\"><img loading=\"lazy\" decoding=\"async\" class=\"aligncenter wp-image-2434 size-medium\" src=\"https:\/\/swiebodzice-zss.pl\/wp-content\/uploads\/2025\/03\/zd1-8-300x225.jpg\" alt=\"\" width=\"300\" height=\"225\" srcset=\"https:\/\/swiebodzice-zss.pl\/wp-content\/uploads\/2025\/03\/zd1-8-300x225.jpg 300w, https:\/\/swiebodzice-zss.pl\/wp-content\/uploads\/2025\/03\/zd1-8.jpg 640w\" sizes=\"auto, (max-width: 300px) 100vw, 300px\" \/><\/a><\/p>\n<p><strong>Zespo\u0142y rewalidacyjno \u2013 wychowawcze<\/strong> (dla dzieci z g\u0142\u0119bok\u0105 niepe\u0142nosprawno\u015bci\u0105 intelektualn\u0105) obj\u0119te s\u0105 dzia\u0142aniami kszta\u0142tuj\u0105cymi umiej\u0119tno\u015bci z zakresu:<\/p>\n<ul>\n<li>motoryki du\u017cej (postawa, lokomocja, koordynacja ruch\u00f3w)<\/li>\n<\/ul>\n<ul>\n<li>motoryki ma\u0142ej (koordynacja ruch\u00f3w r\u0105k, koordynacja wzrokowo \u2013 ruchowa, manipulacja)<\/li>\n<li>aktywno\u015bci w\u0142asnej, niekierowanej<\/li>\n<li>samoobs\u0142ugi<\/li>\n<li>koncentracji uwagi podczas aktywno\u015bci spontanicznej, zabawy, wykonywania zada\u0144<\/li>\n<li>wsp\u00f3\u0142dzia\u0142ania w r\u00f3\u017cnych sytuacjach<\/li>\n<li>gotowo\u015bci do kontakt\u00f3w z otoczeniem<\/li>\n<li>czynno\u015bci porz\u0105dkowych (w miar\u0119 mo\u017cliwo\u015bci)<\/li>\n<li>zespo\u0142y d\u0105\u017c\u0105 tak\u017ce do stopniowego kszta\u0142towania i utrwalania u dzieci nowych umiej\u0119tno\u015bci oraz do zdiagnozowania i eliminowania zachowa\u0144 trudnych<\/li>\n<\/ul>\n<p>&nbsp;<\/p>\n<p style=\"text-align: center;\"><a href=\"https:\/\/swiebodzice-zss.pl\/wp-content\/uploads\/2025\/03\/Ilustracja-6.jpg\"><img loading=\"lazy\" decoding=\"async\" class=\"alignnone wp-image-2444 size-medium\" src=\"https:\/\/swiebodzice-zss.pl\/wp-content\/uploads\/2025\/03\/Ilustracja-6-292x300.jpg\" alt=\"\" width=\"292\" height=\"300\" srcset=\"https:\/\/swiebodzice-zss.pl\/wp-content\/uploads\/2025\/03\/Ilustracja-6-292x300.jpg 292w, https:\/\/swiebodzice-zss.pl\/wp-content\/uploads\/2025\/03\/Ilustracja-6-768x790.jpg 768w, https:\/\/swiebodzice-zss.pl\/wp-content\/uploads\/2025\/03\/Ilustracja-6.jpg 995w\" sizes=\"auto, (max-width: 292px) 100vw, 292px\" \/><\/a><\/p>\n<p><strong>Warunki lokalowe<\/strong><\/p>\n<p>W plac\u00f3wce, opr\u00f3cz sal lekcyjnych, znajduj\u0105 si\u0119: sala do zaj\u0119\u0107 z integracji sensorycznej i sala gimnastyki korekcyjnej, \u015bwietlica szkolna (zak\u0105tek wypoczynkowo \u2013 terapeutyczny \u201e\u015awietlik\u201d), trzy w pe\u0142ni wyposa\u017cone klasopracownie dla najm\u0142odszych (klasy I \u2013 III), gabinet rewalidacyjny, pracownia komputerowa, wypo\u017cyczalnia pomocy dydaktycznych Marii Montessori oraz kuchnia przeznaczona do realizacji zaj\u0119\u0107 praktycznych. Szko\u0142a jest systematycznie remontowana, toalety dostosowane do potrzeb os\u00f3b niepe\u0142nosprawnych.<\/p>\n<p>W plac\u00f3wce znajduj\u0105 si\u0119 tak\u017ce gabinety: psychologa, pedagoga, neurologopedy, biblioteka z czytelni\u0105. Uczni\u00f3w, kt\u00f3rzy ze wzgl\u0119du na rodzaj niepe\u0142nosprawno\u015bci maj\u0105 trudno\u015bci z dotarciem do szko\u0142y, dowo\u017c\u0105 \u201eszkolne autobusy\u201d.<\/p>\n<p>&nbsp;<\/p>\n<p><a href=\"https:\/\/swiebodzice-zss.pl\/wp-content\/uploads\/2025\/03\/zd6-6.jpg\"><img loading=\"lazy\" decoding=\"async\" class=\"aligncenter wp-image-2437 size-medium\" src=\"https:\/\/swiebodzice-zss.pl\/wp-content\/uploads\/2025\/03\/zd6-6-300x201.jpg\" alt=\"\" width=\"300\" height=\"201\" srcset=\"https:\/\/swiebodzice-zss.pl\/wp-content\/uploads\/2025\/03\/zd6-6-300x201.jpg 300w, https:\/\/swiebodzice-zss.pl\/wp-content\/uploads\/2025\/03\/zd6-6-768x514.jpg 768w, https:\/\/swiebodzice-zss.pl\/wp-content\/uploads\/2025\/03\/zd6-6.jpg 839w\" sizes=\"auto, (max-width: 300px) 100vw, 300px\" \/><\/a><\/p>\n<p><strong>W szkole dzia\u0142aj\u0105<\/strong><\/p>\n<ul>\n<li>Rada Rodzic\u00f3w<\/li>\n<li>Stowarzyszenie \u201eWypo\u017cyczalnia \u2013 Centrum\u201d wspieraj\u0105ce nauczycieli, uczni\u00f3w i ich rodzic\u00f3w, pozyskuj\u0105ce fundusze na realizacj\u0119 projekt\u00f3w edukacyjnych<\/li>\n<\/ul>\n<p><a href=\"https:\/\/swiebodzice-zss.pl\/wp-content\/uploads\/2025\/03\/zd7-4.jpg\"><img loading=\"lazy\" decoding=\"async\" class=\"aligncenter wp-image-2438 size-medium\" src=\"https:\/\/swiebodzice-zss.pl\/wp-content\/uploads\/2025\/03\/zd7-4-300x169.jpg\" alt=\"\" width=\"300\" height=\"169\" srcset=\"https:\/\/swiebodzice-zss.pl\/wp-content\/uploads\/2025\/03\/zd7-4-300x169.jpg 300w, https:\/\/swiebodzice-zss.pl\/wp-content\/uploads\/2025\/03\/zd7-4.jpg 686w\" sizes=\"auto, (max-width: 300px) 100vw, 300px\" \/><\/a><\/p>\n<p><strong>Wi\u0119cej ni\u017c nauka i terapia\u2026<\/strong><\/p>\n<p>Dzi\u0119ki temu, \u017ce w naszej plac\u00f3wce k\u0142adzie si\u0119 szczeg\u00f3lny nacisk na rozwijanie mocnych stron, pasji i zainteresowa\u0144 dzieci i m\u0142odzie\u017cy, aktywnie uczestnicz\u0105 oni w r\u00f3\u017cnego typu imprezach kulturalnych, przegl\u0105dach artystycznych, konkursach, olimpiadach i zawodach sportowych o zasi\u0119gu miejskim, regionalnym, powiatowym i og\u00f3lnopolskim. Osi\u0105gaj\u0105 liczne sukcesy, co wzmacnia poczucie ich w\u0142asnej warto\u015bci, buduje postawy i osobowo\u015b\u0107.<\/p>\n<p>Ponadto uczniowie wyje\u017cd\u017caj\u0105 na wycieczki krajoznawczo \u2013 turystyczne, do teatru oraz kina, uczestnicz\u0105 w rajdach. Cyklicznie bior\u0105 udzia\u0142 w zaj\u0119ciach na kr\u0119gielni, na krytej p\u0142ywalni.<\/p>\n<p><a href=\"https:\/\/swiebodzice-zss.pl\/wp-content\/uploads\/2025\/03\/zd8-1.png\"><img loading=\"lazy\" decoding=\"async\" class=\"aligncenter wp-image-2439 size-medium\" src=\"https:\/\/swiebodzice-zss.pl\/wp-content\/uploads\/2025\/03\/zd8-1-300x147.png\" alt=\"\" width=\"300\" height=\"147\" srcset=\"https:\/\/swiebodzice-zss.pl\/wp-content\/uploads\/2025\/03\/zd8-1-300x147.png 300w, https:\/\/swiebodzice-zss.pl\/wp-content\/uploads\/2025\/03\/zd8-1.png 485w\" sizes=\"auto, (max-width: 300px) 100vw, 300px\" \/><\/a><\/p>\n<p><strong>Otwarto\u015b\u0107 na kontakty \u015brodowiskowe<\/strong><\/p>\n<p>Nasza plac\u00f3wka od wielu lat jest organizatorem cyklicznych imprez integruj\u0105cych dzieci i m\u0142odzie\u017c szk\u00f3\u0142 specjalnych i masowych z ca\u0142ego regionu. Pozwalaj\u0105 one dzieciom niepe\u0142nosprawnym na prezentacj\u0119 w szerokim gronie swoich umiej\u0119tno\u015bci, umo\u017cliwiaj\u0105 zdobywanie sukces\u00f3w i nawi\u0105zywanie nowych przyja\u017ani. Nale\u017c\u0105 do nich:<\/p>\n<ul>\n<li>Regionalny Konkurs Recytatorski Szk\u00f3\u0142 Specjalnych i Integracyjnych<\/li>\n<li>Dolno\u015bl\u0105ski Turniej Warcabowy Os\u00f3b Niepe\u0142nosprawnych<\/li>\n<li>\u015awiebodzicki dzie\u0144 akceptacji i zrozumienia \u201ePod wsp\u00f3lnym dachem nieba<\/li>\n<li>Integracyjne spotkania Miko\u0142ajkowe z m\u0142odzie\u017c\u0105 z LO im. Marii Konopnickiej ze \u015awiebodzic<\/li>\n<\/ul>\n<p>Szko\u0142a wsp\u00f3\u0142pracuje tak\u017ce z wieloma instytucjami na terenie miasta (np.: z Szko\u0142a Podstawowa nr 2 z Oddzia\u0142ami Integracyjnymi im. Nauczycieli Tajnego Nauczania, z Liceum Og\u00f3lnokszta\u0142c\u0105cym im. Marii Konopnickiej, z Urz\u0119dem Miasta \u015awiebodzice, ze \u015awiebodzickim Klubem Seniora, z \u015bwiebodzickim sztabem Wielkiej Orkiestry \u015awi\u0105tecznej Pomocy, z instytucjami pozarz\u0105dowymi sprawuj\u0105cymi opiek\u0119 nad osobami niepe\u0142nosprawnymi).<\/p>\n<p>Nasi uczniowie cz\u0119sto prezentuj\u0105 swoje umiej\u0119tno\u015bci podczas lokalnych spotka\u0144 i uroczysto\u015bci. Stwarza to mo\u017cliwo\u015b\u0107 nawi\u0105zywania nowych kontakt\u00f3w i wi\u0119zi mi\u0119dzyludzkich, uczy wsp\u00f3\u0142dzia\u0142ania w grupie, solidarno\u015bci i odpowiedzialno\u015bci.<\/p>\n<p>Szczeg\u00f3lnie istotna jest dla nas sta\u0142a wsp\u00f3\u0142praca z rodzicami i opiekunami prawnymi, co pozwala korelowa\u0107 dzia\u0142ania dydaktyczno \u2013 wychowawcze w obszarach szko\u0142y i domu rodzinnego.<br \/>\nPodmiotami wspieraj\u0105cymi prac\u0119 wychowawcz\u0105 i profilaktyczn\u0105 s\u0105 tak\u017ce: Policja, Stra\u017c Miejska, S\u0105d-Wydzia\u0142 Rodzinny i Nieletnich, S\u0142u\u017cba Zdrowia, Poradnia Psychologiczno \u2013 Pedagogiczna, Miejski Dom Kultury w \u015awiebodzicach, Powiatowe Centrum Pomocy Rodzinie w \u015awidnicy, Dom Pomocy Spo\u0142ecznej dla Dzieci w \u015awiebodzicach.<\/p>\n<p><a href=\"https:\/\/swiebodzice-zss.pl\/wp-content\/uploads\/2025\/03\/zd8-2.jpg\"><img loading=\"lazy\" decoding=\"async\" class=\"aligncenter wp-image-2440 size-medium\" src=\"https:\/\/swiebodzice-zss.pl\/wp-content\/uploads\/2025\/03\/zd8-2-300x184.jpg\" alt=\"\" width=\"300\" height=\"184\" srcset=\"https:\/\/swiebodzice-zss.pl\/wp-content\/uploads\/2025\/03\/zd8-2-300x184.jpg 300w, https:\/\/swiebodzice-zss.pl\/wp-content\/uploads\/2025\/03\/zd8-2.jpg 466w\" sizes=\"auto, (max-width: 300px) 100vw, 300px\" \/><\/a><\/p>\n<p><strong>Kadr\u0119 Szko\u0142y stanowi\u0105 specjali\u015bci w zakresie<\/strong><\/p>\n<ul>\n<li>pedagogiki specjalnej<\/li>\n<li>pedagogiki opieku\u0144czo-wychowawczej<\/li>\n<li>edukacji wczesnoszkolnej<\/li>\n<li>profilaktyki spo\u0142ecznej i resocjalizacji<\/li>\n<li>logopedii i neurologopedii<\/li>\n<li>psychologii<a href=\"https:\/\/swiebodzice-zss.pl\/wp-content\/uploads\/2025\/03\/zdjecie_1.jpg\"><img loading=\"lazy\" decoding=\"async\" class=\"aligncenter wp-image-2373\" src=\"https:\/\/swiebodzice-zss.pl\/wp-content\/uploads\/2025\/03\/zdjecie_1-300x236.jpg\" alt=\"\" width=\"395\" height=\"311\" srcset=\"https:\/\/swiebodzice-zss.pl\/wp-content\/uploads\/2025\/03\/zdjecie_1-300x236.jpg 300w, https:\/\/swiebodzice-zss.pl\/wp-content\/uploads\/2025\/03\/zdjecie_1.jpg 528w\" sizes=\"auto, (max-width: 395px) 100vw, 395px\" \/><\/a><\/li>\n<li>rewalidacji, arteterapii, muzykoterapii<\/li>\n<li>gimnastyki korekcyjnej<\/li>\n<li>specjali\u015bci od terapii metod\u0105 EEG biofeedback<\/li>\n<li>specjalista od dogoterapii<\/li>\n<li>specjali\u015bci od komunikacji alternatywnej (piktogramy,<br \/>\nMakaton, M\u00f3wik, j\u0119zyk migowy)<\/li>\n<li>specjali\u015bci od wczesnego wspomagania rozwoju dziecka<\/li>\n<li>specjali\u015bci z zakresu surdopedagogiki, tyflopedagogiki<\/li>\n<\/ul>\n<p style=\"text-align: center;\"><a href=\"https:\/\/swiebodzice-zss.pl\/wp-content\/uploads\/2025\/03\/zd9-4.jpg\"><img loading=\"lazy\" decoding=\"async\" class=\"alignnone wp-image-2443 size-medium\" src=\"https:\/\/swiebodzice-zss.pl\/wp-content\/uploads\/2025\/03\/zd9-4-300x212.jpg\" alt=\"\" width=\"300\" height=\"212\" srcset=\"https:\/\/swiebodzice-zss.pl\/wp-content\/uploads\/2025\/03\/zd9-4-300x212.jpg 300w, https:\/\/swiebodzice-zss.pl\/wp-content\/uploads\/2025\/03\/zd9-4-768x541.jpg 768w, https:\/\/swiebodzice-zss.pl\/wp-content\/uploads\/2025\/03\/zd9-4.jpg 1000w\" sizes=\"auto, (max-width: 300px) 100vw, 300px\" \/><\/a><\/p>\n<p><strong>Nauczyciele posiadaj\u0105cy kwalifikacje do pracy metodami:<\/strong><\/p>\n<ul>\n<li>stymulacja polisensoryczna (poznanie \u015bwiata, p\u00f3r roku zmys\u0142ami wzroku, s\u0142uchu, w\u0119chu, smaku , dotyku,r\u00f3wnowagi)<\/li>\n<li>programy aktywno\u015bci M.Ch. Knill\u00f3w<\/li>\n<li>elementy Kinezjologii Edukacyjnej<\/li>\n<li>Ruchu Rozwijaj\u0105cego W. Sherborne<\/li>\n<li>psychostymulacja komunikacji<\/li>\n<li>malowanie 10-cioma palcami<\/li>\n<li>Affolter<\/li>\n<li>Masa\u017c Shantalla<\/li>\n<li>UTTR z elementami Moralesa<\/li>\n<li>Delecato<\/li>\n<li>Neurokinezjologia S. Masgutovej<\/li>\n<li>Integracja Sensoryczna wg Ayres<\/li>\n<li>Metoda Behawioralna<\/li>\n<li>Terapia r\u0119ki<\/li>\n<li>Trening Umiej\u0119tno\u015bci Spo\u0142ecznych<\/li>\n<\/ul>\n<p><a href=\"https:\/\/swiebodzice-zss.pl\/wp-content\/uploads\/2025\/03\/mocne-strony-1.jpg\"><img loading=\"lazy\" decoding=\"async\" class=\"wp-image-2442 size-full aligncenter\" src=\"https:\/\/swiebodzice-zss.pl\/wp-content\/uploads\/2025\/03\/mocne-strony-1.jpg\" alt=\"\" width=\"276\" height=\"134\" \/><\/a><\/p>\n<p><strong>Mocne strony szko\u0142y<\/strong><\/p>\n<p>Jeste\u015bmy ma\u0142\u0105, kameraln\u0105 plac\u00f3wk\u0105, w kt\u00f3rej panuje ciep\u0142a, domowa atmosfera, nikt nie jest anonimowy. Ka\u017cde dziecko, niezale\u017cnie od stopnia niepe\u0142nosprawno\u015bci, jest obj\u0119te szczeg\u00f3ln\u0105, zindywidualizowan\u0105 opiek\u0105 wielu specjalist\u00f3w, ka\u017cde ma mo\u017cliwo\u015b\u0107 odnoszenia sukces\u00f3w, odkrywania swoich mo\u017cliwo\u015bci i umiej\u0119tno\u015bci, rozwijania ich i prezentowania na forum szko\u0142y i poza ni\u0105.<\/p>\n<p>Nauka odbywa si\u0119 w kilkuosobowych klasach, co umo\u017cliwia indywidualizacj\u0119 pracy z dzieckiem, jego systematyczn\u0105 obserwacj\u0119, diagnoz\u0119 i w\u0142a\u015bciwy dob\u00f3r form i metod pracy.<\/p>\n<p>Opieka nad dzie\u0107mi wykracza poza sfer\u0119 dydaktyczno \u2013 wychowawcz\u0105. Zapewniamy swoim podopiecznym tak\u017ce wsparcie materialne, pomoc w rozwi\u0105zywaniu codziennych problem\u00f3w, wspieramy dzieci i ich rodziny.<\/p>\n<p>&nbsp;<\/p>\n","protected":false},"excerpt":{"rendered":"<p>Oferta edukacyjna Rodzicu ! Je\u015bli Twoje dziecko posiada orzeczenie o niepe\u0142nosprawno\u015bci intelektualnej w stopniu umiarkowanym, znacznym lub g\u0142\u0119bokim, nie odnosi sukces\u00f3w, czuje si\u0119 nieakceptowane w \u015brodowisku szkolnym, ma ograniczony dost\u0119p do specjalist\u00f3w \u2013 PRZYJD\u0179&#46;&#46;&#46;<\/p>\n","protected":false},"author":1,"featured_media":0,"parent":0,"menu_order":0,"comment_status":"closed","ping_status":"closed","template":"","meta":{"footnotes":""},"class_list":["post-51","page","type-page","status-publish","hentry"],"_links":{"self":[{"href":"https:\/\/swiebodzice-zss.pl\/index.php?rest_route=\/wp\/v2\/pages\/51","targetHints":{"allow":["GET"]}}],"collection":[{"href":"https:\/\/swiebodzice-zss.pl\/index.php?rest_route=\/wp\/v2\/pages"}],"about":[{"href":"https:\/\/swiebodzice-zss.pl\/index.php?rest_route=\/wp\/v2\/types\/page"}],"author":[{"embeddable":true,"href":"https:\/\/swiebodzice-zss.pl\/index.php?rest_route=\/wp\/v2\/users\/1"}],"replies":[{"embeddable":true,"href":"https:\/\/swiebodzice-zss.pl\/index.php?rest_route=%2Fwp%2Fv2%2Fcomments&post=51"}],"version-history":[{"count":17,"href":"https:\/\/swiebodzice-zss.pl\/index.php?rest_route=\/wp\/v2\/pages\/51\/revisions"}],"predecessor-version":[{"id":2446,"href":"https:\/\/swiebodzice-zss.pl\/index.php?rest_route=\/wp\/v2\/pages\/51\/revisions\/2446"}],"wp:attachment":[{"href":"https:\/\/swiebodzice-zss.pl\/index.php?rest_route=%2Fwp%2Fv2%2Fmedia&parent=51"}],"curies":[{"name":"wp","href":"https:\/\/api.w.org\/{rel}","templated":true}]}}