{"id":49,"date":"2023-08-20T00:24:12","date_gmt":"2023-08-19T22:24:12","guid":{"rendered":"https:\/\/swiebodzice-zss.pl\/?page_id=49"},"modified":"2023-08-20T00:24:12","modified_gmt":"2023-08-19T22:24:12","slug":"historia-szkoly","status":"publish","type":"page","link":"https:\/\/swiebodzice-zss.pl\/?page_id=49","title":{"rendered":"Historia szko\u0142y"},"content":{"rendered":"<h1>Historia szko\u0142y<\/h1>\n<p>Nasza szko\u0142a ma ju\u017c kilkadziesi\u0105t lat!<\/p>\n<p>Powsta\u0142a 1 pa\u017adziernika 1961 r. w budynku przy ul. M. Buczka 14. Organizacj\u0119 i miernictwo powierzono w\u00f3wczas Irenie Pilus. Nauk\u0119 rozpocz\u0119\u0142o tu 54 uczni\u00f3w. Budynek ten by\u0142 r\u00f3wnocze\u015bnie siedzib\u0105 Szko\u0142y Podstawowej dla Pracuj\u0105cych i Miejskiej Biblioteki. Nie zaspakaja\u0142 wi\u0119c faktycznych potrzeb lokalowych naszej plac\u00f3wki.<\/p>\n<p>Podejmowane przez pani\u0105 Iren\u0119 Pilus dzia\u0142ania doprowadzi\u0142y do przeniesienia instytucji, o kt\u00f3rych mowa, poza teren szko\u0142y. W ten spos\u00f3b zyska\u0142a ona dodatkowe pomieszczenia, co znacznie poprawi\u0142o warunki pracy uczni\u00f3w i nauczycieli.<\/p>\n<p>W 1971 roku, po przej\u015bciu na rent\u0119 pani Ireny Pilus, na stanowisko dyrektora szko\u0142y Wydzia\u0142 O\u015bwiaty powo\u0142a\u0142 Jerzego Nidiola. Funkcj\u0119 t\u0119 pe\u0142ni\u0142 on przez jeden rok szkolny, by w kolejnym &#8211; przekaza\u0107 j\u0105 pani Justynie Haremzie.<\/p>\n<p>W 1991 roku dyrektorem szko\u0142y zosta\u0142a pani Gra\u017cyna Bernasi\u0144ska. Podczas pe\u0142nienia przez ni\u0105 tej funkcji szko\u0142a, decyzj\u0105 Kuratorium O\u015bwiaty, przenosi si\u0119 do innego budynku &#8211; przy ulicy Sienkiewicza 30. Mie\u015bci si\u0119 ona w nim do chwili obecnej. Pozyskanie nowego lokum stwarza mo\u017cliwo\u015bci specjalistycznego urz\u0105dzenia gabinet\u00f3w i dostosowania ich do potrzeb niepe\u0142nosprawnych dzieci i m\u0142odzie\u017cy.<\/p>\n<p>W 1996 roku nowym dyrektorem zostaje pani Ewa Ja\u0144czak.<\/p>\n<p>W zwi\u0105zku z wprowadzeniem reformy o\u015bwiaty w 1999 r. zmienia si\u0119 status organizacyjny plac\u00f3wki i przeobra\u017ca si\u0119 ona w Zesp\u00f3\u0142 Szk\u00f3\u0142 Specjalnych. Powstaje nowy etap edukacyjny na poziomie gimnazjum, co rodzi potrzeb\u0119 dostosowania bazy lokalowej do nowej sytuacji. W tym czasie przygotowano klasy dla nowych oddzia\u0142\u00f3w, w pe\u0142ni wyposa\u017cono gabinet logopedyczny, sal\u0119 do gimnastyki korekcyjnej, stworzono sal\u0119 komputerow\u0105, zmodernizowano pomieszczenia sanitarne.<\/p>\n<p>W 1994 roku nawi\u0105zali\u015bmy wsp\u00f3\u0142prac\u0119 z Beatrixschool w Doetinchem (Holandia). Pierwsza wizyta Holendr\u00f3w, zorganizowana przez pani\u0105 Gra\u017cyn\u0119 Bernasi\u0144sk\u0105, odby\u0142a si\u0119 1994 roku. Te szczeg\u00f3lne odwiedziny przynios\u0142y wymierne korzy\u015bci. Poznali\u015bmy bowiem odmienny od naszego holenderski system kszta\u0142cenia i opieki nad dzie\u0107mi niepe\u0142nosprawnymi intelektualnie. W kr\u0119gu naszych zainteresowa\u0144 znalaz\u0142y si\u0119 nieznane nam bli\u017cej metody: atelier system czy metoda M. Montessori. Kontakty te sukcesywnie rozwija\u0142y si\u0119 w obu kierunkach, umo\u017cliwiaj\u0105c nam wszystkim zdobywanie wielu ciekawych do\u015bwiadcze\u0144. W tamtym okresie wsp\u00f3\u0142pracowali\u015bmy tak\u017ce z wielkim or\u0119downikiem i przyjacielem naszej szko\u0142y &#8211; pani\u0105 M. von Dorn. To dzi\u0119ki niej i dzia\u0142aniom Ewy Ja\u0144czak powsta\u0142o u nas \u201eCentrum\u201d \u2013 Wypo\u017cyczalnia Pomocy Dydaktycznych dla plac\u00f3wek specjalnych.<\/p>\n<p>W grudniu 2007 r. przy tej\u017ce wypo\u017cyczalni powo\u0142ano stowarzyszenie, kt\u00f3re sprawuje mecenat nad zbiorami pomocy dydaktycznych Montessori, ale tak\u017ce wspomaga szko\u0142\u0119, uczni\u00f3w i ich rodziny, realizuje projekty edukacyjne, wspiera finansowo imprezy kulturalne, integracyjne, organizuje potrzebuj\u0105cym pomoc materialn\u0105.<\/p>\n<p>W lat 2004 &#8211; 2011 nasza szko\u0142a wchodzi\u0142a w sk\u0142ad Powiatowego Zespo\u0142u Szk\u00f3\u0142 Specjalnych . Od wrze\u015bnia 2011 r. ponownie funkcjonuje jako samodzielna plac\u00f3wka.<\/p>\n<p>Od 2012 r. zmieni\u0142a sw\u0105 specyfik\u0119. Zlikwidowano oddzia\u0142y dla dzieci z lekk\u0105 niepe\u0142nosprawno\u015bci\u0105 intelektualn\u0105 i otworzono dodatkowe, nowe \u2013 dla dzieci z umiarkowan\u0105 i znaczn\u0105 niepe\u0142nosprawno\u015bci\u0105 intelektualn\u0105.<\/p>\n<p>Pocz\u0105wszy od 2005 plac\u00f3wka jest systematycznie remontowana, dostosowywana do potrzeb niepe\u0142nosprawnych dzieci. To zas\u0142uga nauczycieli, przyjaci\u00f3\u0142 i sponsor\u00f3w. Jej wizerunek i estetyka kameralnych wn\u0119trz wci\u0105\u017c zmieniaj\u0105 si\u0119 na lepsze. Mi\u0119dzy innymi dzi\u0119ki temu uczniowie czuj\u0105 si\u0119 tu, jak w rodzinnym domu.<\/p>\n<p>W ostatnich latach szko\u0142a by\u0142a niejednokrotnie wizytowana i oceniana przez organ nadzoru pedagogicznego. Noty za dzia\u0142alno\u015b\u0107 wszystkich obszar\u00f3w jej funkcjonowania by\u0142y zawsze bardzo wysokie.<\/p>\n<p>Zesp\u00f3\u0142 Szk\u00f3\u0142 Specjalnych w \u015awiebodzicach to do\u015bwiadczona kadra pedagogiczna, bogate tradycje, edukacja, terapeutyka i wychowanie na najwy\u017cszym poziomie!<\/p>\n","protected":false},"excerpt":{"rendered":"<p>Historia szko\u0142y Nasza szko\u0142a ma ju\u017c kilkadziesi\u0105t lat! Powsta\u0142a 1 pa\u017adziernika 1961 r. w budynku przy ul. M. Buczka 14. Organizacj\u0119 i miernictwo powierzono w\u00f3wczas Irenie Pilus. Nauk\u0119 rozpocz\u0119\u0142o tu 54 uczni\u00f3w. Budynek ten&#46;&#46;&#46;<\/p>\n","protected":false},"author":1,"featured_media":0,"parent":0,"menu_order":0,"comment_status":"closed","ping_status":"closed","template":"","meta":{"footnotes":""},"class_list":["post-49","page","type-page","status-publish","hentry"],"_links":{"self":[{"href":"https:\/\/swiebodzice-zss.pl\/index.php?rest_route=\/wp\/v2\/pages\/49","targetHints":{"allow":["GET"]}}],"collection":[{"href":"https:\/\/swiebodzice-zss.pl\/index.php?rest_route=\/wp\/v2\/pages"}],"about":[{"href":"https:\/\/swiebodzice-zss.pl\/index.php?rest_route=\/wp\/v2\/types\/page"}],"author":[{"embeddable":true,"href":"https:\/\/swiebodzice-zss.pl\/index.php?rest_route=\/wp\/v2\/users\/1"}],"replies":[{"embeddable":true,"href":"https:\/\/swiebodzice-zss.pl\/index.php?rest_route=%2Fwp%2Fv2%2Fcomments&post=49"}],"version-history":[{"count":1,"href":"https:\/\/swiebodzice-zss.pl\/index.php?rest_route=\/wp\/v2\/pages\/49\/revisions"}],"predecessor-version":[{"id":50,"href":"https:\/\/swiebodzice-zss.pl\/index.php?rest_route=\/wp\/v2\/pages\/49\/revisions\/50"}],"wp:attachment":[{"href":"https:\/\/swiebodzice-zss.pl\/index.php?rest_route=%2Fwp%2Fv2%2Fmedia&parent=49"}],"curies":[{"name":"wp","href":"https:\/\/api.w.org\/{rel}","templated":true}]}}