{"id":3163,"date":"2025-11-04T17:12:02","date_gmt":"2025-11-04T16:12:02","guid":{"rendered":"https:\/\/swiebodzice-zss.pl\/?page_id=3163"},"modified":"2025-11-04T17:12:02","modified_gmt":"2025-11-04T16:12:02","slug":"statut-szkoly","status":"publish","type":"page","link":"https:\/\/swiebodzice-zss.pl\/?page_id=3163","title":{"rendered":"Statut szko\u0142y"},"content":{"rendered":"<h2>Statut szko\u0142y<\/h2>\n<p><a href=\"https:\/\/swiebodzice-zss.pl\/wp-content\/uploads\/2025\/11\/statut_zss.pdf\">Statut Zespo\u0142u Szk\u00f3\u0142 Specjalnych w \u015awiebodzicach<\/a> (PDF, data aktualizacji: 03.11.2025)<\/p>\n<p><a href=\"https:\/\/swiebodzice-zss.pl\/wp-content\/uploads\/2025\/11\/statut_sp7.pdf\">Statut Szko\u0142y Podstawowej nr 7<\/a> (PDF, data aktualizacji: 03.11.2025)<\/p>\n<p><a href=\"https:\/\/swiebodzice-zss.pl\/wp-content\/uploads\/2025\/11\/statut_sp8.pdf\">Statut Szko\u0142y Podstawowej nr 8<\/a> (PDF, data aktualizacji: 03.11.2025)<\/p>\n<p><a href=\"https:\/\/swiebodzice-zss.pl\/wp-content\/uploads\/2025\/11\/statut_spdp.pdf\">Statut Szko\u0142y Przysposabiaj\u0105cej do Pracy<\/a> (PDF, data aktualizacji: 03.11.2025)<\/p>\n","protected":false},"excerpt":{"rendered":"<p>Statut szko\u0142y Statut Zespo\u0142u Szk\u00f3\u0142 Specjalnych w \u015awiebodzicach (PDF, data aktualizacji: 03.11.2025) Statut Szko\u0142y Podstawowej nr 7 (PDF, data aktualizacji: 03.11.2025) Statut Szko\u0142y Podstawowej nr 8 (PDF, data aktualizacji: 03.11.2025) Statut Szko\u0142y Przysposabiaj\u0105cej do&#46;&#46;&#46;<\/p>\n","protected":false},"author":1,"featured_media":0,"parent":0,"menu_order":0,"comment_status":"closed","ping_status":"closed","template":"","meta":{"footnotes":""},"class_list":["post-3163","page","type-page","status-publish","hentry"],"_links":{"self":[{"href":"https:\/\/swiebodzice-zss.pl\/index.php?rest_route=\/wp\/v2\/pages\/3163","targetHints":{"allow":["GET"]}}],"collection":[{"href":"https:\/\/swiebodzice-zss.pl\/index.php?rest_route=\/wp\/v2\/pages"}],"about":[{"href":"https:\/\/swiebodzice-zss.pl\/index.php?rest_route=\/wp\/v2\/types\/page"}],"author":[{"embeddable":true,"href":"https:\/\/swiebodzice-zss.pl\/index.php?rest_route=\/wp\/v2\/users\/1"}],"replies":[{"embeddable":true,"href":"https:\/\/swiebodzice-zss.pl\/index.php?rest_route=%2Fwp%2Fv2%2Fcomments&post=3163"}],"version-history":[{"count":1,"href":"https:\/\/swiebodzice-zss.pl\/index.php?rest_route=\/wp\/v2\/pages\/3163\/revisions"}],"predecessor-version":[{"id":3168,"href":"https:\/\/swiebodzice-zss.pl\/index.php?rest_route=\/wp\/v2\/pages\/3163\/revisions\/3168"}],"wp:attachment":[{"href":"https:\/\/swiebodzice-zss.pl\/index.php?rest_route=%2Fwp%2Fv2%2Fmedia&parent=3163"}],"curies":[{"name":"wp","href":"https:\/\/api.w.org\/{rel}","templated":true}]}}