{"id":15,"date":"2023-08-09T20:00:27","date_gmt":"2023-08-09T18:00:27","guid":{"rendered":"https:\/\/swiebodzice-zss.pl\/?page_id=15"},"modified":"2025-05-15T16:07:49","modified_gmt":"2025-05-15T14:07:49","slug":"kontakt","status":"publish","type":"page","link":"https:\/\/swiebodzice-zss.pl\/?page_id=15","title":{"rendered":"Kontakt"},"content":{"rendered":"<p><iframe loading=\"lazy\" style=\"border: 1px solid black;\" src=\"https:\/\/www.openstreetmap.org\/export\/embed.html?bbox=16.313838958740238%2C50.85953605529441%2C16.317379474639896%2C50.86110042937592&amp;layer=mapnik\" width=\"700\" height=\"350\"><span data-mce-type=\"bookmark\" style=\"display: inline-block; width: 0px; overflow: hidden; line-height: 0;\" class=\"mce_SELRES_start\">\ufeff<\/span><\/iframe><\/p>\n<p><strong>Zesp\u00f3\u0142 Szk\u00f3\u0142 Specjalnych w \u015awiebodzicach<\/strong><\/p>\n<p>Dyrektor szko\u0142y: Ma\u0142gorzata Nosal<\/p>\n<p>ul. Henryka Sienkiewicza 30,<\/p>\n<p>58-160 \u015awiebodzice<\/p>\n<p>tel. 74 665 50 81<\/p>\n<p>e-mail: szkola@swiebodzice-zss.pl<\/p>\n<p>adres e-dor\u0119cze\u0144: AE:PL-53672-79475-HERBT-24<\/p>\n","protected":false},"excerpt":{"rendered":"<p>\ufeff Zesp\u00f3\u0142 Szk\u00f3\u0142 Specjalnych w \u015awiebodzicach Dyrektor szko\u0142y: Ma\u0142gorzata Nosal ul. Henryka Sienkiewicza 30, 58-160 \u015awiebodzice tel. 74 665 50 81 e-mail: szkola@swiebodzice-zss.pl adres e-dor\u0119cze\u0144: AE:PL-53672-79475-HERBT-24<\/p>\n","protected":false},"author":1,"featured_media":0,"parent":0,"menu_order":0,"comment_status":"closed","ping_status":"closed","template":"","meta":{"footnotes":""},"class_list":["post-15","page","type-page","status-publish","hentry"],"_links":{"self":[{"href":"https:\/\/swiebodzice-zss.pl\/index.php?rest_route=\/wp\/v2\/pages\/15","targetHints":{"allow":["GET"]}}],"collection":[{"href":"https:\/\/swiebodzice-zss.pl\/index.php?rest_route=\/wp\/v2\/pages"}],"about":[{"href":"https:\/\/swiebodzice-zss.pl\/index.php?rest_route=\/wp\/v2\/types\/page"}],"author":[{"embeddable":true,"href":"https:\/\/swiebodzice-zss.pl\/index.php?rest_route=\/wp\/v2\/users\/1"}],"replies":[{"embeddable":true,"href":"https:\/\/swiebodzice-zss.pl\/index.php?rest_route=%2Fwp%2Fv2%2Fcomments&post=15"}],"version-history":[{"count":13,"href":"https:\/\/swiebodzice-zss.pl\/index.php?rest_route=\/wp\/v2\/pages\/15\/revisions"}],"predecessor-version":[{"id":2701,"href":"https:\/\/swiebodzice-zss.pl\/index.php?rest_route=\/wp\/v2\/pages\/15\/revisions\/2701"}],"wp:attachment":[{"href":"https:\/\/swiebodzice-zss.pl\/index.php?rest_route=%2Fwp%2Fv2%2Fmedia&parent=15"}],"curies":[{"name":"wp","href":"https:\/\/api.w.org\/{rel}","templated":true}]}}