{"id":100,"date":"2023-09-09T12:14:21","date_gmt":"2023-09-09T10:14:21","guid":{"rendered":"https:\/\/swiebodzice-zss.pl\/?page_id=100"},"modified":"2023-09-09T12:14:21","modified_gmt":"2023-09-09T10:14:21","slug":"nowoczesna-edukacja-w-szkolach-specjalnych-powiatu-swidnickiego","status":"publish","type":"page","link":"https:\/\/swiebodzice-zss.pl\/?page_id=100","title":{"rendered":"Nowoczesna edukacja w szko\u0142ach specjalnych powiatu \u015bwidnickiego"},"content":{"rendered":"<p><img decoding=\"async\" class=\"aligncenter\" src=\"https:\/\/swiebodzice-zss.pl\/old\/images\/unia.jpg\" alt=\"unia\" \/><\/p>\n<p><strong>Powiat \u015awidnicki jest Beneficjentem projektu dofinansowanego z Funduszy Europejskich\u00a0pt.: \u201cNowoczesna edukacja w szko\u0142ach specjalnych powiatu \u015bwidnickiego\u201d<br \/>\nnr RPDS.10.02.04-02-0017\/17<\/strong><\/p>\n<p><strong>Nowoczesna edukacja w szko\u0142ach specjalnych powiatu \u015bwidnickiego<\/strong><\/p>\n<p><strong>Projekt dotyczy osi priorytetowej:<\/strong><br \/>\n\u201ePodniesienie u uczni\u00f3w kompetencji kluczowych oraz w\u0142a\u015bciwych postaw i umiej\u0119tno\u015bci niezb\u0119dnych na<br \/>\nrynku pracy, oraz rozwijanie indywidualnego podej\u015bcia do ucznia, szczeg\u00f3lnie ze specjalnymi potrzebami edukacyjnymi\u201d<\/p>\n<p>Projekt realizowany jest w<\/p>\n<p>Zespole Szk\u00f3\u0142 Specjalnych w \u015awidnicy,<\/p>\n<p>Zespole Szk\u00f3\u0142 Specjalnych w \u015awiebodzicach,<\/p>\n<p>Zespole Szk\u00f3\u0142 Specjalnych w Strzegomiu,<\/p>\n<p>Zespole Plac\u00f3wek Specjalnych w Bystrzycy G\u00f3rnej,<\/p>\n<p>poprzez:<\/p>\n<p>doposa\u017cenie w\/w szk\u00f3\u0142 i plac\u00f3wek w pomoce dydaktyczne,<\/p>\n<p>organizacj\u0119 zaj\u0119\u0107 uzupe\u0142niaj\u0105cych ofert\u0119 szko\u0142y\/plac\u00f3wki,<\/p>\n<p>organizacj\u0119 doradztwa i opieki psychologiczno- pedagogicznej dla<br \/>\nuczni\u00f3w z niepe\u0142nosprawno\u015bciami<br \/>\noraz szkolenie, doradztwo i inne formy doskonalenia umiej\u0119tno\u015bci, kompetencji lub kwalifikacji<br \/>\nnauczycieli pod k\u0105tem pracy z uczniem niepe\u0142nosprawnym.<\/p>\n<p>Wsparciem zostanie obj\u0119tych \u0142\u0105cznie 279 uczni\u00f3w (74 dziewcz\u0105t, 205 ch\u0142opc\u00f3w), dla kt\u00f3rych odb\u0119d\u0105 si\u0119\u00a0zaj\u0119cia dostosowane do ich stopnia niepe\u0142nosprawno\u015bci oraz 77 nauczycieli (68 kobiet, 9 m\u0119\u017cczyzn),\u00a0kt\u00f3rzy wezm\u0105 udzia\u0142 w doskonal\u0105cych szkoleniach specjalistycznych oraz podnosz\u0105cych ich kwalifikacje\u00a0do pracy z dzie\u0107mi z orzeczeniem o potrzebie kszta\u0142cenia specjalnego. Zaktywizowani zostan\u0105 r\u00f3wnie\u017c\u00a0rodzice dzieci ucz\u0119szczaj\u0105cych do tych szk\u00f3\u0142 , kt\u00f3rzy wezm\u0105 udzia\u0142 w szkoleniach.<\/p>\n<p>Projekt realizowany b\u0119dzie od 01 listopada 2017 r. do 30 czerwca 2019 r.<\/p>\n<p>Warto\u015b\u0107 projektu: 1 616 698,38 z\u0142<br \/>\nWk\u0142ad Funduszy Europejskich: 1 535 862,38 z\u0142<\/p>\n","protected":false},"excerpt":{"rendered":"<p>Powiat \u015awidnicki jest Beneficjentem projektu dofinansowanego z Funduszy Europejskich\u00a0pt.: \u201cNowoczesna edukacja w szko\u0142ach specjalnych powiatu \u015bwidnickiego\u201d nr RPDS.10.02.04-02-0017\/17 Nowoczesna edukacja w szko\u0142ach specjalnych powiatu \u015bwidnickiego Projekt dotyczy osi priorytetowej: \u201ePodniesienie u uczni\u00f3w kompetencji kluczowych&#46;&#46;&#46;<\/p>\n","protected":false},"author":1,"featured_media":0,"parent":0,"menu_order":0,"comment_status":"closed","ping_status":"closed","template":"","meta":{"footnotes":""},"class_list":["post-100","page","type-page","status-publish","hentry"],"_links":{"self":[{"href":"https:\/\/swiebodzice-zss.pl\/index.php?rest_route=\/wp\/v2\/pages\/100","targetHints":{"allow":["GET"]}}],"collection":[{"href":"https:\/\/swiebodzice-zss.pl\/index.php?rest_route=\/wp\/v2\/pages"}],"about":[{"href":"https:\/\/swiebodzice-zss.pl\/index.php?rest_route=\/wp\/v2\/types\/page"}],"author":[{"embeddable":true,"href":"https:\/\/swiebodzice-zss.pl\/index.php?rest_route=\/wp\/v2\/users\/1"}],"replies":[{"embeddable":true,"href":"https:\/\/swiebodzice-zss.pl\/index.php?rest_route=%2Fwp%2Fv2%2Fcomments&post=100"}],"version-history":[{"count":1,"href":"https:\/\/swiebodzice-zss.pl\/index.php?rest_route=\/wp\/v2\/pages\/100\/revisions"}],"predecessor-version":[{"id":101,"href":"https:\/\/swiebodzice-zss.pl\/index.php?rest_route=\/wp\/v2\/pages\/100\/revisions\/101"}],"wp:attachment":[{"href":"https:\/\/swiebodzice-zss.pl\/index.php?rest_route=%2Fwp%2Fv2%2Fmedia&parent=100"}],"curies":[{"name":"wp","href":"https:\/\/api.w.org\/{rel}","templated":true}]}}